{"id":2,"date":"2012-03-12T08:18:02","date_gmt":"2012-03-12T08:18:02","guid":{"rendered":"http:\/\/rmlightning.com\/es\/?page_id=2"},"modified":"2024-01-24T18:51:09","modified_gmt":"2024-01-24T18:51:09","slug":"sample-page","status":"publish","type":"page","link":"https:\/\/rmlightning.com\/es\/","title":{"rendered":"Bienvenido"},"content":{"rendered":"<h1 style=\"text-align: left;\">Si buscas para tu moto cl\u00e1sica un encendido electr\u00f3nico CDI con avance variable y la \u00faltima tecnolog\u00eda disponible, has llegado al lugar correcto.<\/h1>\n<p style=\"text-align: left;\">Tras un largo tiempo de investigaci\u00f3n y desarrollo, RM Lightning desarroll\u00f3, para Montesa Impala, el primer encendido espec\u00edfico que:<\/p>\n<p style=\"text-align: left; padding-left: 30px;\">1.- Respeta al m\u00e1ximo la motoclicleta original, manteniendo una mayor\u00eda de las piezas de f\u00e1brica y conservando el car\u00e1cter del motor.<\/p>\n<p style=\"text-align: left; padding-left: 30px;\">2.- Consigue una chispa 2,5 veces m\u00e1s potente que la original gracias a la tecnolog\u00eda de descarga capacitativa (CDI).<\/p>\n<p style=\"text-align: left; padding-left: 30px;\">3.- Aporta un avance variable que optimiza el funcionamiento del motor en todo r\u00e9gimen.<\/p>\n<p style=\"text-align: left;\">Desde su primera aparici\u00f3n p\u00fablica con ocasi\u00f3n de la Montesada de 2012 han sucedido muchas cosas. En aquel momento presentamos un primer encendido preparado para funcionar directamente en una amplia gama de modelos Montesa (toda la gama Impala &#8211; Comando &#8211; Texas con encendidos Motoplat de dos, cuatro o cinco bobinas) y anunciamos nuestra voluntad de desarrollar en poco tiempo versiones para otros modelos.<\/p>\n<p style=\"text-align: left;\">A pocos meses de aquella presentaci\u00f3n ten\u00edamos\u00a0ya disponibles modelos que cubren casi la totalidad de la gama de las Montesa de trial, abarcando las Cota 247, Cota 348, Cota 349 y Cota 330 con un encapsulado espec\u00edfico que los hace m\u00e1s resistentes a las condiciones de la competici\u00f3n de cl\u00e1sicas donde han sido testados con \u00e9xito por nuestros pilotos.<\/p>\n<p style=\"text-align: left;\">Adem\u00e1s tenemos ya encendidos\u00a0operativos para buena parte de los volantes FEMSA utilizados en las Bultaco Sherpa, Metralla y Mercurio, as\u00ed como varios modelos de Ossa. Y\u00a0hemos desarrollado una nueva l\u00ednea de productos que convierte los antiguos encendidos electr\u00f3nicos Motoplat a tecnolog\u00eda CDI con avance variable.<\/p>\n<p style=\"text-align: left;\">Contacto: <a href=\"mailto:ventas@rmlightning.com\">ventas@rmlightning.com<\/a><\/p>\n<p style=\"text-align: left;\">Si quieres informaci\u00f3n sobre distribuidores y talleres, visita nuestra <a href=\"http:\/\/rmlightning.com\/es\/?page_id=103\">p\u00e1gina de distribuci\u00f3n<\/a>. Tambi\u00e9n puedes mirar los productos que ofrecemos en nuestra <a href=\"http:\/\/rmlightning.com\/es\/?page_id=190\">tienda virtual<\/a>.<\/p>\n","protected":false},"excerpt":{"rendered":"<p>Si buscas para tu moto cl\u00e1sica un encendido electr\u00f3nico CDI con avance variable y la \u00faltima tecnolog\u00eda disponible, has llegado al lugar correcto. Tras un largo tiempo de investigaci\u00f3n y desarrollo, RM Lightning desarroll\u00f3, para Montesa Impala, el primer encendido espec\u00edfico que: 1.- Respeta al m\u00e1ximo la motoclicleta original, manteniendo una mayor\u00eda de las piezas [&hellip;]<\/p>\n","protected":false},"author":1,"featured_media":0,"parent":0,"menu_order":0,"comment_status":"open","ping_status":"open","template":"","meta":{"footnotes":""},"_links":{"self":[{"href":"https:\/\/rmlightning.com\/es\/wp-json\/wp\/v2\/pages\/2"}],"collection":[{"href":"https:\/\/rmlightning.com\/es\/wp-json\/wp\/v2\/pages"}],"about":[{"href":"https:\/\/rmlightning.com\/es\/wp-json\/wp\/v2\/types\/page"}],"author":[{"embeddable":true,"href":"https:\/\/rmlightning.com\/es\/wp-json\/wp\/v2\/users\/1"}],"replies":[{"embeddable":true,"href":"https:\/\/rmlightning.com\/es\/wp-json\/wp\/v2\/comments?post=2"}],"version-history":[{"count":18,"href":"https:\/\/rmlightning.com\/es\/wp-json\/wp\/v2\/pages\/2\/revisions"}],"predecessor-version":[{"id":475,"href":"https:\/\/rmlightning.com\/es\/wp-json\/wp\/v2\/pages\/2\/revisions\/475"}],"wp:attachment":[{"href":"https:\/\/rmlightning.com\/es\/wp-json\/wp\/v2\/media?parent=2"}],"curies":[{"name":"wp","href":"https:\/\/api.w.org\/{rel}","templated":true}]}}