{"id":341,"date":"2014-10-21T12:05:45","date_gmt":"2014-10-21T12:05:45","guid":{"rendered":"http:\/\/rmlightning.com\/es\/?post_type=product&#038;p=341"},"modified":"2025-10-10T08:59:14","modified_gmt":"2025-10-10T08:59:14","slug":"modulo-cdi-con-avance-variable-para-encendidos-electronicos-motoplat","status":"publish","type":"product","link":"https:\/\/rmlightning.com\/es\/producto\/modulo-cdi-con-avance-variable-para-encendidos-electronicos-motoplat\/","title":{"rendered":"M\u00f3dulo CDI digital con avance variable para encendidos electr\u00f3nicos Motoplat"},"content":{"rendered":"<p><strong><span style=\"color: #ff0000;\">EN FABRICACION, CONTACTE PARA RESERVAR Y CONOCER\u00a0 PLAZO DE ENTREGA<\/span><\/strong><\/p>\n<p>Encendido v\u00e1lido para todos los volantes Motoplat electr\u00f3nicos de seis imanes empleados muchos modelos de Montesa, Ossa, Puch, Bultaco, Maico, KTM, etc.<\/p>\n<p>Emplea tecnolog\u00eda CDI e incorpora dos curvas de avance, que pueden seleccionarse mediante un conmutador (opcional), incluso con el motor en marcha.<\/p>\n<p>Es de f\u00e1cil configuraci\u00f3n, puesto que basta intercalarlo en la instalaci\u00f3n original. El dispositivo trabaja recibiendo la se\u00f1al procedente de los cables azul y negro del encendido original y procesando la se\u00f1al de modo que ya no se opera con un avance fijo, sino con una curva que permite tener unos buenos bajos (avance muy corto a pocas rpm) y una buena estirada (avances m\u00e1s altos a medida que se incrementa el r\u00e9gimen de giro del motor).<\/p>\n","protected":false},"excerpt":{"rendered":"<p>EN FABRICACION, CONTACTE PARA RESERVAR Y CONOCER\u00a0 PLAZO DE ENTREGA Encendido v\u00e1lido para todos los volantes Motoplat electr\u00f3nicos de seis imanes empleados muchos modelos de Montesa, Ossa, Puch, Bultaco, Maico, KTM, etc. Emplea tecnolog\u00eda CDI e incorpora dos curvas de avance, que pueden seleccionarse mediante un conmutador (opcional), incluso con el motor en marcha. Es [&hellip;]<\/p>\n","protected":false},"featured_media":342,"comment_status":"open","ping_status":"closed","template":"","meta":[],"product_cat":[38,39,37],"product_tag":[],"_links":{"self":[{"href":"https:\/\/rmlightning.com\/es\/wp-json\/wp\/v2\/product\/341"}],"collection":[{"href":"https:\/\/rmlightning.com\/es\/wp-json\/wp\/v2\/product"}],"about":[{"href":"https:\/\/rmlightning.com\/es\/wp-json\/wp\/v2\/types\/product"}],"replies":[{"embeddable":true,"href":"https:\/\/rmlightning.com\/es\/wp-json\/wp\/v2\/comments?post=341"}],"version-history":[{"count":3,"href":"https:\/\/rmlightning.com\/es\/wp-json\/wp\/v2\/product\/341\/revisions"}],"predecessor-version":[{"id":818,"href":"https:\/\/rmlightning.com\/es\/wp-json\/wp\/v2\/product\/341\/revisions\/818"}],"wp:featuredmedia":[{"embeddable":true,"href":"https:\/\/rmlightning.com\/es\/wp-json\/wp\/v2\/media\/342"}],"wp:attachment":[{"href":"https:\/\/rmlightning.com\/es\/wp-json\/wp\/v2\/media?parent=341"}],"wp:term":[{"taxonomy":"product_cat","embeddable":true,"href":"https:\/\/rmlightning.com\/es\/wp-json\/wp\/v2\/product_cat?post=341"},{"taxonomy":"product_tag","embeddable":true,"href":"https:\/\/rmlightning.com\/es\/wp-json\/wp\/v2\/product_tag?post=341"}],"curies":[{"name":"wp","href":"https:\/\/api.w.org\/{rel}","templated":true}]}}