{"id":484,"date":"2017-05-04T22:05:40","date_gmt":"2017-05-04T22:05:40","guid":{"rendered":"http:\/\/rmlightning.com\/es\/?post_type=product&#038;p=484"},"modified":"2025-10-10T08:54:03","modified_gmt":"2025-10-10T08:54:03","slug":"modulo-cdi-digital-con-avance-variable-para-encendidos-electronicos-motoplat-en-puch-cobra","status":"publish","type":"product","link":"https:\/\/rmlightning.com\/es\/producto\/modulo-cdi-digital-con-avance-variable-para-encendidos-electronicos-motoplat-en-puch-cobra\/","title":{"rendered":"M\u00f3dulo CDI digital con avance variable para encendidos electr\u00f3nicos Motoplat en Puch Cobra"},"content":{"rendered":"<p><strong><span style=\"color: #ff0000;\">EN FABRICACION, CONTACTE PARA CONOCER\u00a0 PLAZO DE ENTREGA<\/span><\/strong><\/p>\n<p>Encendido v\u00e1lido para todos los volantes Motoplat electr\u00f3nicos de seis imanes empleados en muchos modelos de Puch, como las Cobra de TT y carretera con volante exterior (no siempre funciona con las versiones de rotor interior).<\/p>\n<p>Emplea tecnolog\u00eda CDI e incorpora dos curvas de avance, que pueden seleccionarse mediante un conmutador (opcional), incluso con el motor en marcha.<\/p>\n<p>Es de f\u00e1cil configuraci\u00f3n, puesto que basta intercalarlo en la instalaci\u00f3n original. El dispositivo trabaja recibiendo la se\u00f1al procedente de los cables azul y negro del encendido original y procesando la se\u00f1al de modo que ya no se opera con un avance fijo, sino con una curva que permite tener unos buenos bajos (avance muy corto a pocas rpm) y una buena estirada (avances m\u00e1s altos a medida que se incrementa el r\u00e9gimen de giro del motor).<\/p>\n","protected":false},"excerpt":{"rendered":"<p>EN FABRICACION, CONTACTE PARA CONOCER\u00a0 PLAZO DE ENTREGA Encendido v\u00e1lido para todos los volantes Motoplat electr\u00f3nicos de seis imanes empleados en muchos modelos de Puch, como las Cobra de TT y carretera con volante exterior (no siempre funciona con las versiones de rotor interior). Emplea tecnolog\u00eda CDI e incorpora dos curvas de avance, que pueden [&hellip;]<\/p>\n","protected":false},"featured_media":342,"comment_status":"open","ping_status":"closed","template":"","meta":[],"product_cat":[49],"product_tag":[],"_links":{"self":[{"href":"https:\/\/rmlightning.com\/es\/wp-json\/wp\/v2\/product\/484"}],"collection":[{"href":"https:\/\/rmlightning.com\/es\/wp-json\/wp\/v2\/product"}],"about":[{"href":"https:\/\/rmlightning.com\/es\/wp-json\/wp\/v2\/types\/product"}],"replies":[{"embeddable":true,"href":"https:\/\/rmlightning.com\/es\/wp-json\/wp\/v2\/comments?post=484"}],"version-history":[{"count":2,"href":"https:\/\/rmlightning.com\/es\/wp-json\/wp\/v2\/product\/484\/revisions"}],"predecessor-version":[{"id":810,"href":"https:\/\/rmlightning.com\/es\/wp-json\/wp\/v2\/product\/484\/revisions\/810"}],"wp:featuredmedia":[{"embeddable":true,"href":"https:\/\/rmlightning.com\/es\/wp-json\/wp\/v2\/media\/342"}],"wp:attachment":[{"href":"https:\/\/rmlightning.com\/es\/wp-json\/wp\/v2\/media?parent=484"}],"wp:term":[{"taxonomy":"product_cat","embeddable":true,"href":"https:\/\/rmlightning.com\/es\/wp-json\/wp\/v2\/product_cat?post=484"},{"taxonomy":"product_tag","embeddable":true,"href":"https:\/\/rmlightning.com\/es\/wp-json\/wp\/v2\/product_tag?post=484"}],"curies":[{"name":"wp","href":"https:\/\/api.w.org\/{rel}","templated":true}]}}